{"id":44,"date":"2024-04-19T18:23:41","date_gmt":"2024-04-19T16:23:41","guid":{"rendered":"http:\/\/192.168.1.151\/?page_id=44"},"modified":"2026-01-09T19:02:19","modified_gmt":"2026-01-09T18:02:19","slug":"accueil","status":"publish","type":"page","link":"https:\/\/aflip.org\/","title":{"rendered":"ACCUEIL"},"content":{"rendered":"\r\n<p class=\"has-text-align-center\"><span style=\"color: #000000;\"><b>AFLIP\u00a0<\/b>est la seule association en France m\u00e9tropolitaine d\u00e9di\u00e9e \u00e0 soutenir les personnes touch\u00e9es par la lipodystrophie &#8211; une maladie rare et encore peu connue.\u00a0<\/span><\/p>\r\n<p><span style=\"color: #000000;\">\r\n\r\n<\/span><\/p>\r\n<p><span style=\"color: #000000;\">Au-del\u00e0 de la maladie, AFLIP est une communaut\u00e9 chaleureuse, \u00e0 l\u2019\u00e9coute et pleine de joie de vivre. Ensemble, nous unissons nos forces pour mieux combattre la maladie. Venez nous rejoindre et faites partie de cette aventure humaine extraordinaire!<\/span><\/p>\r\n<p><span style=\"color: #000000;\">\r\n\r\n<\/span><\/p>\r\n<p class=\"has-text-align-center\"><span style=\"color: #000000;\"><strong>NOTRE MISSION<\/strong><\/span><\/p>\r\n<p><span style=\"color: #000000;\">\r\n\r\n<\/span><\/p>\r\n<p><span style=\"color: #000000;\">Notre mission est de sensibiliser et de faire comprendre la lipodystrophie au sein de la communaut\u00e9 des patients et des professionnels de la sant\u00e9. AFLIP veut devenir une ressource incontournable en France pour les patients et les professionnels de la sant\u00e9 confront\u00e9s \u00e0 la lipodystrophie, en fournissant des informations claires, pratiques et un soutien pour les patients.<\/span><\/p>\r\n\r\n\r\n\r\n\r\n\r\n<p><img loading=\"lazy\" decoding=\"async\" class=\" wp-image-235 aligncenter\" src=\"http:\/\/aflip.org\/wp-content\/uploads\/2024\/07\/Maunier-3-300x212.jpg\" alt=\"\" width=\"249\" height=\"176\" srcset=\"https:\/\/aflip.org\/wp-content\/uploads\/2024\/07\/Maunier-3-300x212.jpg 300w, https:\/\/aflip.org\/wp-content\/uploads\/2024\/07\/Maunier-3-1024x724.jpg 1024w, https:\/\/aflip.org\/wp-content\/uploads\/2024\/07\/Maunier-3-768x543.jpg 768w, https:\/\/aflip.org\/wp-content\/uploads\/2024\/07\/Maunier-3-1536x1086.jpg 1536w, https:\/\/aflip.org\/wp-content\/uploads\/2024\/07\/Maunier-3-85x60.jpg 85w, https:\/\/aflip.org\/wp-content\/uploads\/2024\/07\/Maunier-3.jpg 2048w\" sizes=\"auto, (max-width: 249px) 100vw, 249px\" \/><\/p>\r\n<p><span style=\"color: #000000;\"><strong>REJOIGNEZ-NOUS :<\/strong><\/span><\/p>\r\n<iframe id=\"haWidget\" allowtransparency=\"true\" src=\"https:\/\/www.helloasso.com\/associations\/association-francaise-des-lipodystrophies-aflip\/adhesions\/adhesion-association-aflip-2026\/widget-bouton\" style=\"width: 100%; height: 70px; border: none;\" onload=\"window.addEventListener( 'message', function(e) { const dataHeight = e.data.height; const haWidgetElement = document.getElementById('haWidget'); haWidgetElement.height = dataHeight + 'px'; } )\" ><\/iframe>\r\n<p>&nbsp;<\/p>\r\n<p><span style=\"color: #000000;\"><b>FAIRE UN DON :<\/b><\/span><\/p>\r\n\r\n<p><iframe id=\"haWidget\" style=\"width: 100%; height: 70px; border: none;\" src=\"https:\/\/www.helloasso.com\/associations\/association-francaise-des-lipodystrophies-aflip\/formulaires\/1\/widget-bouton\"><\/iframe><\/p>","protected":false},"excerpt":{"rendered":"<p>AFLIP\u00a0est la seule association en France m\u00e9tropolitaine d\u00e9di\u00e9e \u00e0 soutenir les personnes touch\u00e9es par la lipodystrophie &#8211; une maladie rare et encore peu connue.\u00a0 Au-del\u00e0 de la maladie, AFLIP est une communaut\u00e9 chaleureuse, \u00e0 l\u2019\u00e9coute et pleine de joie de vivre. Ensemble, nous unissons nos forces pour mieux combattre la maladie. Venez nous rejoindre et &hellip; <\/p>\n","protected":false},"author":1,"featured_media":375,"parent":0,"menu_order":0,"comment_status":"closed","ping_status":"closed","template":"","meta":{"footnotes":""},"class_list":["post-44","page","type-page","status-publish","has-post-thumbnail","hentry"],"_links":{"self":[{"href":"https:\/\/aflip.org\/index.php\/wp-json\/wp\/v2\/pages\/44","targetHints":{"allow":["GET"]}}],"collection":[{"href":"https:\/\/aflip.org\/index.php\/wp-json\/wp\/v2\/pages"}],"about":[{"href":"https:\/\/aflip.org\/index.php\/wp-json\/wp\/v2\/types\/page"}],"author":[{"embeddable":true,"href":"https:\/\/aflip.org\/index.php\/wp-json\/wp\/v2\/users\/1"}],"replies":[{"embeddable":true,"href":"https:\/\/aflip.org\/index.php\/wp-json\/wp\/v2\/comments?post=44"}],"version-history":[{"count":34,"href":"https:\/\/aflip.org\/index.php\/wp-json\/wp\/v2\/pages\/44\/revisions"}],"predecessor-version":[{"id":384,"href":"https:\/\/aflip.org\/index.php\/wp-json\/wp\/v2\/pages\/44\/revisions\/384"}],"wp:featuredmedia":[{"embeddable":true,"href":"https:\/\/aflip.org\/index.php\/wp-json\/wp\/v2\/media\/375"}],"wp:attachment":[{"href":"https:\/\/aflip.org\/index.php\/wp-json\/wp\/v2\/media?parent=44"}],"curies":[{"name":"wp","href":"https:\/\/api.w.org\/{rel}","templated":true}]}}