{"id":23,"date":"2024-04-19T18:15:24","date_gmt":"2024-04-19T16:15:24","guid":{"rendered":"http:\/\/192.168.1.151\/?page_id=23"},"modified":"2024-07-29T19:44:09","modified_gmt":"2024-07-29T17:44:09","slug":"en-savoir-plus-sur-la-lipodystrophie","status":"publish","type":"page","link":"https:\/\/aflip.org\/index.php\/en-savoir-plus-sur-la-lipodystrophie\/","title":{"rendered":"Les diff\u00e9rents types de lipodystrophies"},"content":{"rendered":"\r\n<p><span style=\"color: #000000;\">Comme nous l&rsquo;avons vu pr\u00e9c\u00e9demment, la lipodystrophie est une maladie complexe \u00e0 diagnostiquer, avec plusieurs formes diff\u00e9rentes.<\/span><\/p>\r\n<p><span style=\"color: #000000;\">\r\n\r\n<\/span><\/p>\r\n<h2 class=\"wp-block-heading has-medium-font-size\"><span style=\"color: #000000;\">LIPODYSTROPHIES ACQUISES<\/span><\/h2>\r\n<p><span style=\"color: #000000;\">\r\n\r\n<\/span><\/p>\r\n<p><span style=\"color: #000000;\">Les lipodystrophies acquises n&rsquo;ont pas de forme g\u00e9n\u00e9tique et apparaissent au cours de la vie, r\u00e9sultant souvent d&rsquo;une maladie grave.\u00a0<\/span><\/p>\r\n<p><span style=\"color: #000000;\">\r\n\r\n<\/span><\/p>\r\n<p><span style=\"color: #000000;\">Sous-type:<\/span><\/p>\r\n<p><span style=\"color: #000000;\">\r\n\r\n<\/span><\/p>\r\n<ul class=\"wp-block-list\">\r\n<li><span style=\"color: #000000;\">Lipodystrophie g\u00e9n\u00e9ralis\u00e9e acquis\u00a0<\/span><\/li>\r\n<\/ul>\r\n<p><span style=\"color: #000000;\">\r\n\r\n<\/span><\/p>\r\n<p><span style=\"color: #000000;\">Diff\u00e9rents sch\u00e9mas de perte de graisse qui peuvent survenir au fil du temps ou tr\u00e8s rapidement. Les sympt\u00f4mes typiques comprennent une r\u00e9sistance s\u00e9v\u00e8re \u00e0 l\u2019insuline, des complications m\u00e9taboliques et des probl\u00e8mes h\u00e9patiques potentiels. Les personnes atteintes rencontrent souvent d\u2019autres probl\u00e8mes auto-immuns avec plusieurs diagnostics.<\/span><\/p>\r\n<p><span style=\"color: #000000;\">\r\n\r\n<\/span><\/p>\r\n<ul class=\"wp-block-list\">\r\n<li><span style=\"color: #000000;\">Lipodystrophie Partielle Acquise :\u00a0<\/span><\/li>\r\n<\/ul>\r\n<p><span style=\"color: #000000;\">\r\n\r\n<\/span><\/p>\r\n<p><span style=\"color: #000000;\">Entra\u00eene une perte de graisse progressive dans le haut du corps et une prise de graisse excessive dans le bas du corps. Les sympt\u00f4mes courants incluent le d\u00e9veloppement de troubles r\u00e9naux, de troubles oculaires et de maladies auto-immunes.<\/span><\/p>\r\n<p><span style=\"color: #000000;\">\r\n\r\n<\/span><\/p>\r\n<ul class=\"wp-block-list\">\r\n<li><span style=\"color: #000000;\">Lipodystrophie induite par un traitement antir\u00e9troviral hautement actif (VIH) :\u00a0<\/span><\/li>\r\n<\/ul>\r\n<p><span style=\"color: #000000;\">\r\n\r\n<\/span><\/p>\r\n<p><span style=\"color: #000000;\">Survient chez les patients VIH recevant un traitement antir\u00e9troviral, entra\u00eenant une perte progressive de graisse dans les membres et le visage.<\/span><\/p>\r\n<p><span style=\"color: #000000;\">\r\n\r\n<\/span><\/p>\r\n<ul class=\"wp-block-list\">\r\n<li><span style=\"color: #000000;\">Lipodystrophie localis\u00e9e :\u00a0<\/span><\/li>\r\n<\/ul>\r\n<p><span style=\"color: #000000;\">\r\n\r\n<\/span><\/p>\r\n<p><span style=\"color: #000000;\">Implique une perte de graisse sous-cutan\u00e9e dans des zones sp\u00e9cifiques du corps, souvent li\u00e9e \u00e0 des injections r\u00e9p\u00e9t\u00e9es de m\u00e9dicaments, par exemple l&rsquo;insuline.<\/span><\/p>\r\n<p><span style=\"color: #000000;\">\r\n\r\n<\/span><\/p>\r\n<h2 class=\"wp-block-heading has-medium-font-size\"><span style=\"color: #000000;\"><strong>LIPODYSTROPHIE PARTIELLE FAMILIALE<\/strong><\/span><\/h2>\r\n<p><span style=\"color: #000000;\">\r\n\r\n<\/span><\/p>\r\n<p><span style=\"color: #000000;\">Le type de lipodystrophie le plus courant implique une perte progressive et s\u00e9lective de graisse sous-cutan\u00e9e, ce qui entra\u00eene une accumulation anormale de graisse dans d\u2019autres zones du corps. Elle est associ\u00e9e \u00e0 diverses complications m\u00e9taboliques, notamment l&rsquo;intol\u00e9rance au glucose, des taux \u00e9lev\u00e9s de triglyc\u00e9rides, le diab\u00e8te et la pancr\u00e9atite. La r\u00e9partition des graisses peut diff\u00e9rer selon le type de lipodystrophie partielle. C\u2019est une maladie \u00e9volutive qui peut entra\u00eener des complications de sant\u00e9 importantes et un d\u00e9c\u00e8s pr\u00e9matur\u00e9 si elle n&rsquo;est pas correctement diagnostiqu\u00e9e et prise en charge.<\/span><\/p>\r\n<p><span style=\"color: #000000;\">\r\n\r\n<\/span><\/p>\r\n<h2 class=\"wp-block-heading has-medium-font-size\"><span style=\"color: #000000;\"><strong>LIPODYSTROPHIE G\u00c9N\u00c9RALIS\u00c9E CONG\u00c9NITALE<\/strong><\/span><\/h2>\r\n<p><span style=\"color: #000000;\">\r\n\r\n<\/span><\/p>\r\n<p><span style=\"color: #000000;\">Une maladie g\u00e9n\u00e9tique rare marqu\u00e9e par une perte quasi totale de graisse corporelle et une musculature accrue. Li\u00e9 \u00e0 la r\u00e9sistance \u00e0 l&rsquo;insuline, \u00e0 l&rsquo;intol\u00e9rance au glucose et au diab\u00e8te, aux taux \u00e9lev\u00e9s de triglyc\u00e9rides et \u00e0 la pancr\u00e9atite, elle se manifeste sous quatre sous-types avec des mutations g\u00e9n\u00e9tiques distinctes.<\/span><\/p>\r\n<p><span style=\"color: #000000;\">\r\n\r\n<\/span><\/p>\r\n<p>&nbsp;<\/p>\r\n<p><span style=\"color: #000000;\">\r\n\r\n<\/span><\/p>\r\n<h2 class=\"wp-block-heading\"><span style=\"color: #000000;\">Pour en savoir plus&#8230;<\/span><\/h2>\r\n<p><span style=\"color: #000000;\">\r\n\r\n<\/span><\/p>\r\n<p><span style=\"color: #000000;\">FIRENDO fili\u00e8re maladies rares endocriniennes a produit en 2021 une vid\u00e9o sur les \u00ab\u00a0Lipodystrophies\u00a0\u00bb\u00a0:<\/span><\/p>\r\n<p><span style=\"color: #000000;\">\r\n\r\n<\/span><\/p>\r\n<figure class=\"wp-block-embed is-type-video is-provider-youtube wp-block-embed-youtube wp-embed-aspect-16-9 wp-has-aspect-ratio\">\r\n<div class=\"wp-block-embed__wrapper\"><span style=\"color: #000000;\">https:\/\/www.youtube.com\/watch?v=O-YtrlUrGsI&amp;ab_channel=FirendoFrance<\/span><\/div>\r\n<\/figure>\r\n","protected":false},"excerpt":{"rendered":"<p>Comme nous l&rsquo;avons vu pr\u00e9c\u00e9demment, la lipodystrophie est une maladie complexe \u00e0 diagnostiquer, avec plusieurs formes diff\u00e9rentes. LIPODYSTROPHIES ACQUISES Les lipodystrophies acquises n&rsquo;ont pas de forme g\u00e9n\u00e9tique et apparaissent au cours de la vie, r\u00e9sultant souvent d&rsquo;une maladie grave.\u00a0 Sous-type: Diff\u00e9rents sch\u00e9mas de perte de graisse qui peuvent survenir au fil du temps ou tr\u00e8s &hellip; <\/p>\n","protected":false},"author":1,"featured_media":0,"parent":0,"menu_order":0,"comment_status":"closed","ping_status":"closed","template":"","meta":{"footnotes":""},"class_list":["post-23","page","type-page","status-publish","hentry"],"_links":{"self":[{"href":"https:\/\/aflip.org\/index.php\/wp-json\/wp\/v2\/pages\/23","targetHints":{"allow":["GET"]}}],"collection":[{"href":"https:\/\/aflip.org\/index.php\/wp-json\/wp\/v2\/pages"}],"about":[{"href":"https:\/\/aflip.org\/index.php\/wp-json\/wp\/v2\/types\/page"}],"author":[{"embeddable":true,"href":"https:\/\/aflip.org\/index.php\/wp-json\/wp\/v2\/users\/1"}],"replies":[{"embeddable":true,"href":"https:\/\/aflip.org\/index.php\/wp-json\/wp\/v2\/comments?post=23"}],"version-history":[{"count":8,"href":"https:\/\/aflip.org\/index.php\/wp-json\/wp\/v2\/pages\/23\/revisions"}],"predecessor-version":[{"id":320,"href":"https:\/\/aflip.org\/index.php\/wp-json\/wp\/v2\/pages\/23\/revisions\/320"}],"wp:attachment":[{"href":"https:\/\/aflip.org\/index.php\/wp-json\/wp\/v2\/media?parent=23"}],"curies":[{"name":"wp","href":"https:\/\/api.w.org\/{rel}","templated":true}]}}