{"id":18,"date":"2024-04-19T18:13:14","date_gmt":"2024-04-19T16:13:14","guid":{"rendered":"http:\/\/192.168.1.151\/?page_id=18"},"modified":"2024-07-29T19:44:27","modified_gmt":"2024-07-29T17:44:27","slug":"nous","status":"publish","type":"page","link":"https:\/\/aflip.org\/index.php\/nous\/","title":{"rendered":"Les membres"},"content":{"rendered":"\r\n<p><span style=\"color: #000000;\">L&rsquo;association r\u00e9unit une trentaine de membres, hommes et femmes, touch\u00e9s par la lipodystrophie.<\/span><\/p>\r\n<p><span style=\"color: #000000;\">\r\n\r\n<div class=\"wp-block-image\"><\/span><\/p>\r\n<figure class=\"aligncenter size-full\"><span style=\"color: #000000;\"><img loading=\"lazy\" decoding=\"async\" width=\"458\" height=\"206\" class=\"wp-image-88 aligncenter\" src=\"http:\/\/aflip.org\/wp-content\/uploads\/2024\/05\/aflip-photo-groupe.jpg\" alt=\"\" srcset=\"https:\/\/aflip.org\/wp-content\/uploads\/2024\/05\/aflip-photo-groupe.jpg 458w, https:\/\/aflip.org\/wp-content\/uploads\/2024\/05\/aflip-photo-groupe-300x135.jpg 300w, https:\/\/aflip.org\/wp-content\/uploads\/2024\/05\/aflip-photo-groupe-133x60.jpg 133w\" sizes=\"auto, (max-width: 458px) 100vw, 458px\" \/><\/span><\/figure>\r\n<p><span style=\"color: #000000;\"><\/div>\r\n\r\n<\/span><\/p>\r\n<p><span style=\"color: #000000;\">Les membres de l&rsquo;association r\u00e9sident aux quatre coins de la France, ce qui signifie que la lipodystrophie est pr\u00e9sente dans tout le pays.<\/span><\/p>\r\n\r\n\r\n\r\n<figure class=\"wp-block-image size-large is-resized\"><img loading=\"lazy\" decoding=\"async\" class=\"wp-image-230 aligncenter\" src=\"http:\/\/aflip.org\/wp-content\/uploads\/2024\/07\/Maunier-2-300x212.jpg\" alt=\"\" width=\"568\" height=\"401\" srcset=\"https:\/\/aflip.org\/wp-content\/uploads\/2024\/07\/Maunier-2-300x212.jpg 300w, https:\/\/aflip.org\/wp-content\/uploads\/2024\/07\/Maunier-2-1024x724.jpg 1024w, https:\/\/aflip.org\/wp-content\/uploads\/2024\/07\/Maunier-2-768x543.jpg 768w, https:\/\/aflip.org\/wp-content\/uploads\/2024\/07\/Maunier-2-1536x1086.jpg 1536w, https:\/\/aflip.org\/wp-content\/uploads\/2024\/07\/Maunier-2-85x60.jpg 85w, https:\/\/aflip.org\/wp-content\/uploads\/2024\/07\/Maunier-2.jpg 2048w\" sizes=\"auto, (max-width: 568px) 100vw, 568px\" \/><\/figure>\r\n","protected":false},"excerpt":{"rendered":"<p>L&rsquo;association r\u00e9unit une trentaine de membres, hommes et femmes, touch\u00e9s par la lipodystrophie. Les membres de l&rsquo;association r\u00e9sident aux quatre coins de la France, ce qui signifie que la lipodystrophie est pr\u00e9sente dans tout le pays.<\/p>\n","protected":false},"author":1,"featured_media":0,"parent":0,"menu_order":0,"comment_status":"closed","ping_status":"closed","template":"","meta":{"footnotes":""},"class_list":["post-18","page","type-page","status-publish","hentry"],"_links":{"self":[{"href":"https:\/\/aflip.org\/index.php\/wp-json\/wp\/v2\/pages\/18","targetHints":{"allow":["GET"]}}],"collection":[{"href":"https:\/\/aflip.org\/index.php\/wp-json\/wp\/v2\/pages"}],"about":[{"href":"https:\/\/aflip.org\/index.php\/wp-json\/wp\/v2\/types\/page"}],"author":[{"embeddable":true,"href":"https:\/\/aflip.org\/index.php\/wp-json\/wp\/v2\/users\/1"}],"replies":[{"embeddable":true,"href":"https:\/\/aflip.org\/index.php\/wp-json\/wp\/v2\/comments?post=18"}],"version-history":[{"count":10,"href":"https:\/\/aflip.org\/index.php\/wp-json\/wp\/v2\/pages\/18\/revisions"}],"predecessor-version":[{"id":258,"href":"https:\/\/aflip.org\/index.php\/wp-json\/wp\/v2\/pages\/18\/revisions\/258"}],"wp:attachment":[{"href":"https:\/\/aflip.org\/index.php\/wp-json\/wp\/v2\/media?parent=18"}],"curies":[{"name":"wp","href":"https:\/\/api.w.org\/{rel}","templated":true}]}}