{"id":162,"date":"2024-06-02T10:21:20","date_gmt":"2024-06-02T08:21:20","guid":{"rendered":"http:\/\/192.168.1.151\/?page_id=162"},"modified":"2024-07-29T19:43:10","modified_gmt":"2024-07-29T17:43:10","slug":"centre-prisis","status":"publish","type":"page","link":"https:\/\/aflip.org\/index.php\/centre-prisis\/","title":{"rendered":"Centre de r\u00e9f\u00e9rence PRISIS"},"content":{"rendered":"\r\n<p><span style=\"color: #000000;\">L\u2019association a d\u00e9velopp\u00e9e une \u00e9troite collaboration avec le <strong>Centres de R\u00e9f\u00e9rence et de Comp\u00e9tence des Pathologies rares de l\u2019Insulino-S\u00e9cr\u00e9tion et de l\u2019Insulino-Sensibilit\u00e9 <\/strong>(PRISIS) dont le centre de r\u00e9f\u00e9rence (site coordonnateur) se situe \u00e0 l\u2019H\u00f4pital Saint Antoine (Assistance Publique H\u00f4pitaux de Paris &#8211; APHP) sous la direction des professeurs C. Vatier et C. Vigouroux.<\/span><\/p>\r\n<p><span style=\"color: #000000;\">\r\n\r\n<\/span><\/p>\r\n<p><span style=\"color: #000000;\">Diff\u00e9rents centres de comp\u00e9tences existent \u00e9galement en R\u00e9gion et permettent le suivi des patients en proximit\u00e9.<\/span><\/p>\r\n<p><span style=\"color: #000000;\">\r\n\r\n<\/span><\/p>\r\n<p><span style=\"color: #000000;\">La mission des Centres de R\u00e9f\u00e9rence et Comp\u00e9tences (CRC) est de centraliser et d&rsquo;optimiser l&rsquo;expertise dans un domaine particulier afin d&rsquo;am\u00e9liorer les soins aux patients et de promouvoir la recherche et l&rsquo;innovation. Ils assurent une expertise m\u00e9dicale sp\u00e9cialis\u00e9e dans les lipodystrophies, un acc\u00e8s \u00e0 des traitements sp\u00e9cifiques, une coordination des soins, des missions de Recherche et D\u00e9veloppement sp\u00e9cifiquement sur la maladie et ses cons\u00e9quences.<\/span><\/p>\r\n<p><span style=\"color: #000000;\">\r\n\r\n<\/span><\/p>\r\n<p><span style=\"color: #000000;\">Une cartographie des centres existants en France est disponible ici :<\/span><\/p>\r\n<p><span style=\"color: #000000;\">\r\n\r\n<div class=\"wp-block-image\"><\/span><\/p>\r\n<figure class=\"aligncenter size-full is-resized\"><span style=\"color: #000000;\"><img loading=\"lazy\" decoding=\"async\" width=\"800\" height=\"445\" class=\"wp-image-163\" style=\"width: 761px; height: auto;\" src=\"http:\/\/192.168.1.151\/wp-content\/uploads\/2024\/06\/centre-prisis.png\" alt=\"\" srcset=\"https:\/\/aflip.org\/wp-content\/uploads\/2024\/06\/centre-prisis.png 800w, https:\/\/aflip.org\/wp-content\/uploads\/2024\/06\/centre-prisis-300x167.png 300w, https:\/\/aflip.org\/wp-content\/uploads\/2024\/06\/centre-prisis-768x427.png 768w, https:\/\/aflip.org\/wp-content\/uploads\/2024\/06\/centre-prisis-108x60.png 108w\" sizes=\"auto, (max-width: 800px) 100vw, 800px\" \/><\/span><\/figure>\r\n<\/div>","protected":false},"excerpt":{"rendered":"<p>L\u2019association a d\u00e9velopp\u00e9e une \u00e9troite collaboration avec le Centres de R\u00e9f\u00e9rence et de Comp\u00e9tence des Pathologies rares de l\u2019Insulino-S\u00e9cr\u00e9tion et de l\u2019Insulino-Sensibilit\u00e9 (PRISIS) dont le centre de r\u00e9f\u00e9rence (site coordonnateur) se situe \u00e0 l\u2019H\u00f4pital Saint Antoine (Assistance Publique H\u00f4pitaux de Paris &#8211; APHP) sous la direction des professeurs C. Vatier et C. Vigouroux. Diff\u00e9rents centres &hellip; <\/p>\n","protected":false},"author":1,"featured_media":0,"parent":0,"menu_order":0,"comment_status":"closed","ping_status":"closed","template":"","meta":{"footnotes":""},"class_list":["post-162","page","type-page","status-publish","hentry"],"_links":{"self":[{"href":"https:\/\/aflip.org\/index.php\/wp-json\/wp\/v2\/pages\/162","targetHints":{"allow":["GET"]}}],"collection":[{"href":"https:\/\/aflip.org\/index.php\/wp-json\/wp\/v2\/pages"}],"about":[{"href":"https:\/\/aflip.org\/index.php\/wp-json\/wp\/v2\/types\/page"}],"author":[{"embeddable":true,"href":"https:\/\/aflip.org\/index.php\/wp-json\/wp\/v2\/users\/1"}],"replies":[{"embeddable":true,"href":"https:\/\/aflip.org\/index.php\/wp-json\/wp\/v2\/comments?post=162"}],"version-history":[{"count":3,"href":"https:\/\/aflip.org\/index.php\/wp-json\/wp\/v2\/pages\/162\/revisions"}],"predecessor-version":[{"id":255,"href":"https:\/\/aflip.org\/index.php\/wp-json\/wp\/v2\/pages\/162\/revisions\/255"}],"wp:attachment":[{"href":"https:\/\/aflip.org\/index.php\/wp-json\/wp\/v2\/media?parent=162"}],"curies":[{"name":"wp","href":"https:\/\/api.w.org\/{rel}","templated":true}]}}